{"id":11954,"date":"2019-06-14T17:52:36","date_gmt":"2019-06-14T17:52:36","guid":{"rendered":"https:\/\/www.techniproind.com\/tpi-wordpress\/?page_id=11954"},"modified":"2020-06-04T21:40:55","modified_gmt":"2020-06-04T21:40:55","slug":"contactez-nous","status":"publish","type":"page","link":"https:\/\/www.techniproind.com\/en\/contactez-nous\/","title":{"rendered":"CONTACT US"},"content":{"rendered":"<div class=\"fusion-fullwidth fullwidth-box fusion-builder-row-1 nonhundred-percent-fullwidth non-hundred-percent-height-scrolling\" style=\"--awb-border-radius-top-left:0px;--awb-border-radius-top-right:0px;--awb-border-radius-bottom-right:0px;--awb-border-radius-bottom-left:0px;--awb-flex-wrap:wrap;\" ><div class=\"fusion-builder-row fusion-row\"><div class=\"fusion-layout-column fusion_builder_column fusion-builder-column-0 fusion_builder_column_2_3 2_3 fusion-two-third fusion-column-first\" style=\"--awb-bg-size:cover;--awb-margin-bottom:0px;width:65.3333%; margin-right: 4%;\"><div class=\"fusion-column-wrapper fusion-flex-column-wrapper-legacy\"><div class=\"fusion-title title fusion-title-1 fusion-title-text fusion-title-size-two\" style=\"--awb-margin-top-small:0px;--awb-margin-right-small:0px;--awb-margin-bottom-small:20px;--awb-margin-left-small:0px;--awb-font-size:33px;\"><h2 class=\"fusion-title-heading title-heading-left fusion-responsive-typography-calculated\" style=\"margin:0;font-size:1em;--fontSize:33;line-height:1.5;\"><p style=\"text-align: left;\"><span style=\"color: #2c569a;\"><strong>Get in touch !<\/strong><\/span><\/p><\/h2><span class=\"awb-title-spacer\"><\/span><div class=\"title-sep-container\"><div class=\"title-sep sep- sep-solid\" style=\"border-color:#e0dede;\"><\/div><\/div><\/div>\n<div class=\"wpcf7 no-js\" id=\"wpcf7-f9-o1\" lang=\"fr-CA\" dir=\"ltr\" data-wpcf7-id=\"9\">\n<div class=\"screen-reader-response\"><p role=\"status\" aria-live=\"polite\" aria-atomic=\"true\"><\/p> <ul><\/ul><\/div>\n<form action=\"\/en\/wp-json\/wp\/v2\/pages\/11954#wpcf7-f9-o1\" method=\"post\" class=\"wpcf7-form init\" aria-label=\"Contact form\" enctype=\"multipart\/form-data\" novalidate=\"novalidate\" data-status=\"init\" data-trp-original-action=\"\/en\/wp-json\/wp\/v2\/pages\/11954#wpcf7-f9-o1\">\n<fieldset class=\"hidden-fields-container\"><input type=\"hidden\" name=\"_wpcf7\" value=\"9\" \/><input type=\"hidden\" name=\"_wpcf7_version\" value=\"6.1.5\" \/><input type=\"hidden\" name=\"_wpcf7_locale\" value=\"fr_CA\" \/><input type=\"hidden\" name=\"_wpcf7_unit_tag\" value=\"wpcf7-f9-o1\" \/><input type=\"hidden\" name=\"_wpcf7_container_post\" value=\"0\" \/><input type=\"hidden\" name=\"_wpcf7_posted_data_hash\" value=\"\" \/><input type=\"hidden\" name=\"_wpcf7_recaptcha_response\" value=\"\" \/>\n<\/fieldset>\n<p><label> Your Name (required)<br \/>\n<span class=\"wpcf7-form-control-wrap\" data-name=\"your-name\"><input size=\"40\" maxlength=\"400\" class=\"wpcf7-form-control wpcf7-text wpcf7-validates-as-required\" aria-required=\"true\" aria-invalid=\"false\" value=\"\" type=\"text\" name=\"your-name\" \/><\/span> <\/label>\n<\/p>\n<p><label> Your email (required)<br \/>\n<span class=\"wpcf7-form-control-wrap\" data-name=\"your-email\"><input size=\"40\" maxlength=\"400\" class=\"wpcf7-form-control wpcf7-email wpcf7-validates-as-required wpcf7-text wpcf7-validates-as-email\" aria-required=\"true\" aria-invalid=\"false\" value=\"\" type=\"email\" name=\"your-email\" \/><\/span> <\/label>\n<\/p>\n<p><label> Subject<br \/>\n<span class=\"wpcf7-form-control-wrap\" data-name=\"your-subject\"><input size=\"40\" maxlength=\"400\" class=\"wpcf7-form-control wpcf7-text\" aria-invalid=\"false\" value=\"\" type=\"text\" name=\"your-subject\" \/><\/span> <\/label>\n<\/p>\n<p><label> Document<br \/>\n<\/label><span class=\"wpcf7-form-control-wrap\" data-name=\"Document\"><input size=\"40\" class=\"wpcf7-form-control wpcf7-file\" accept=\".pdf,.docx\" aria-invalid=\"false\" type=\"file\" name=\"Document\" \/><\/span>\n<\/p>\n<p><label> Your message<br \/>\n<span class=\"wpcf7-form-control-wrap\" data-name=\"your-message\"><textarea cols=\"40\" rows=\"10\" maxlength=\"2000\" class=\"wpcf7-form-control wpcf7-textarea\" aria-invalid=\"false\" name=\"your-message\"><\/textarea><\/span> <\/label>\n<\/p>\n<p><input class=\"wpcf7-form-control wpcf7-submit has-spinner\" type=\"submit\" value=\"Send\" \/>\n<\/p><div class=\"fusion-alert alert custom alert-custom fusion-alert-center wpcf7-response-output fusion-alert-capitalize awb-alert-native-link-color alert-dismissable awb-alert-close-boxed\" style=\"--awb-border-top-left-radius:0px;--awb-border-top-right-radius:0px;--awb-border-bottom-left-radius:0px;--awb-border-bottom-right-radius:0px;\" role=\"alert\"><div class=\"fusion-alert-content-wrapper\"><span class=\"fusion-alert-content\"><\/span><\/div><button type=\"button\" class=\"close toggle-alert\" data-dismiss=\"alert\" aria-label=\"Close\">&times;<\/button><\/div>\n<input type=\"hidden\" name=\"trp-form-language\" value=\"en\"\/><\/form>\n<\/div>\n<div class=\"fusion-clearfix\"><\/div><\/div><\/div><div class=\"fusion-layout-column fusion_builder_column fusion-builder-column-1 fusion_builder_column_1_3 1_3 fusion-one-third fusion-column-last\" style=\"--awb-bg-size:cover;width:30.6666%;\"><div class=\"fusion-column-wrapper fusion-column-has-shadow fusion-flex-column-wrapper-legacy\"><div class=\"fusion-title title fusion-title-2 fusion-title-text fusion-title-size-two\" style=\"--awb-margin-top-small:0px;--awb-margin-right-small:0px;--awb-margin-bottom-small:20px;--awb-margin-left-small:0px;--awb-font-size:33px;\"><h2 class=\"fusion-title-heading title-heading-left fusion-responsive-typography-calculated\" style=\"margin:0;font-size:1em;--fontSize:33;line-height:1.5;\"><p style=\"text-align: left;\"><span style=\"color: #2c569a;\"><strong>Call us!<\/strong><\/span><\/p><\/h2><span class=\"awb-title-spacer\"><\/span><div class=\"title-sep-container\"><div class=\"title-sep sep- sep-solid\" style=\"border-color:#e0dede;\"><\/div><\/div><\/div><div class=\"fusion-text fusion-text-1\"><p><strong><a style=\"font-size: 20px;\" href=\"tel:\/\/4504462290\" data-fusion-font=\"true\">450-446-2290<\/a><\/strong><\/p>\n<\/div><div class=\"fusion-title title fusion-title-3 fusion-title-text fusion-title-size-two\" style=\"--awb-margin-top-small:0px;--awb-margin-right-small:0px;--awb-margin-bottom-small:20px;--awb-margin-left-small:0px;--awb-font-size:33px;\"><h2 class=\"fusion-title-heading title-heading-left fusion-responsive-typography-calculated\" style=\"margin:0;font-size:1em;--fontSize:33;line-height:1.5;\"><p style=\"text-align: left;\"><span style=\"color: #2c569a;\"><strong>Heures d&rsquo;ouverture<\/strong><\/span><\/p><\/h2><span class=\"awb-title-spacer\"><\/span><div class=\"title-sep-container\"><div class=\"title-sep sep- sep-solid\" style=\"border-color:#e0dede;\"><\/div><\/div><\/div><div class=\"fusion-text fusion-text-2\"><p><strong>jeudi 7h00\u201318h00<br \/>\nvendredi 7h00\u201318h00<br \/>\nsamedi 9h00\u201312h00<br \/>\ndimanche Ferm\u00e9<br \/>\nlundi 7h00\u201318h00<br \/>\nmardi 7h00\u201318h00<br \/>\nmercredi 7h00\u201318h00<\/strong><\/p>\n<\/div><div class=\"fusion-clearfix\"><\/div><\/div><\/div><\/div><\/div>","protected":false},"excerpt":{"rendered":"","protected":false},"author":1,"featured_media":0,"parent":0,"menu_order":0,"comment_status":"closed","ping_status":"closed","template":"","meta":{"footnotes":""},"class_list":["post-11954","page","type-page","status-publish","hentry"],"yoast_head":"<!-- This site is optimized with the Yoast SEO Premium plugin v27.4 (Yoast SEO v27.4) - https:\/\/yoast.com\/product\/yoast-seo-premium-wordpress\/ -->\n<title>techniproind.com - CONTACTEZ-NOUS<\/title>\n<meta name=\"description\" content=\"N&#039;h\u00e9sitez pas \u00e0 nous contacter pour tout renseignement compl\u00e9mentaire\" \/>\n<meta name=\"robots\" content=\"index, follow, max-snippet:-1, max-image-preview:large, max-video-preview:-1\" \/>\n<link rel=\"canonical\" href=\"https:\/\/www.techniproind.com\/en\/contactez-nous\/\" \/>\n<meta property=\"og:locale\" content=\"en_US\" \/>\n<meta property=\"og:type\" content=\"article\" \/>\n<meta property=\"og:title\" content=\"CONTACTEZ-NOUS\" \/>\n<meta property=\"og:description\" content=\"N&#039;h\u00e9sitez pas \u00e0 nous contacter pour tout renseignement compl\u00e9mentaire\" \/>\n<meta property=\"og:url\" content=\"https:\/\/www.techniproind.com\/en\/contactez-nous\/\" \/>\n<meta property=\"og:site_name\" content=\"techniproind.com\" \/>\n<meta property=\"article:publisher\" content=\"https:\/\/www.facebook.com\/Techniproind\/\" \/>\n<meta property=\"article:modified_time\" content=\"2020-06-04T21:40:55+00:00\" \/>\n<meta property=\"og:image\" content=\"https:\/\/www.techniproind.com\/wp-content\/uploads\/2019\/06\/headerLARGE.jpg\" \/>\n\t<meta property=\"og:image:width\" content=\"1900\" \/>\n\t<meta property=\"og:image:height\" content=\"650\" \/>\n\t<meta property=\"og:image:type\" content=\"image\/jpeg\" \/>\n<meta name=\"twitter:card\" content=\"summary_large_image\" \/>\n<meta name=\"twitter:label1\" content=\"Est. reading time\" \/>\n\t<meta name=\"twitter:data1\" content=\"3 minutes\" \/>\n<script type=\"application\/ld+json\" class=\"yoast-schema-graph\">{\"@context\":\"https:\\\/\\\/schema.org\",\"@graph\":[{\"@type\":\"WebPage\",\"@id\":\"https:\\\/\\\/www.techniproind.com\\\/contactez-nous\\\/\",\"url\":\"https:\\\/\\\/www.techniproind.com\\\/contactez-nous\\\/\",\"name\":\"techniproind.com - CONTACTEZ-NOUS\",\"isPartOf\":{\"@id\":\"https:\\\/\\\/www.techniproind.com\\\/#website\"},\"datePublished\":\"2019-06-14T17:52:36+00:00\",\"dateModified\":\"2020-06-04T21:40:55+00:00\",\"description\":\"N'h\u00e9sitez pas \u00e0 nous contacter pour tout renseignement compl\u00e9mentaire\",\"breadcrumb\":{\"@id\":\"https:\\\/\\\/www.techniproind.com\\\/contactez-nous\\\/#breadcrumb\"},\"inLanguage\":\"en-CA\",\"potentialAction\":[{\"@type\":\"ReadAction\",\"target\":[\"https:\\\/\\\/www.techniproind.com\\\/contactez-nous\\\/\"]}]},{\"@type\":\"BreadcrumbList\",\"@id\":\"https:\\\/\\\/www.techniproind.com\\\/contactez-nous\\\/#breadcrumb\",\"itemListElement\":[{\"@type\":\"ListItem\",\"position\":1,\"name\":\"Accueil\",\"item\":\"https:\\\/\\\/www.techniproind.com\\\/\"},{\"@type\":\"ListItem\",\"position\":2,\"name\":\"CONTACTEZ-NOUS\"}]},{\"@type\":\"WebSite\",\"@id\":\"https:\\\/\\\/www.techniproind.com\\\/#website\",\"url\":\"https:\\\/\\\/www.techniproind.com\\\/\",\"name\":\"techniproind.com\",\"description\":\"Agence de placement\",\"publisher\":{\"@id\":\"https:\\\/\\\/www.techniproind.com\\\/#organization\"},\"potentialAction\":[{\"@type\":\"SearchAction\",\"target\":{\"@type\":\"EntryPoint\",\"urlTemplate\":\"https:\\\/\\\/www.techniproind.com\\\/?s={search_term_string}\"},\"query-input\":{\"@type\":\"PropertyValueSpecification\",\"valueRequired\":true,\"valueName\":\"search_term_string\"}}],\"inLanguage\":\"en-CA\"},{\"@type\":\"Organization\",\"@id\":\"https:\\\/\\\/www.techniproind.com\\\/#organization\",\"name\":\"techni-pro industriel inc\",\"url\":\"https:\\\/\\\/www.techniproind.com\\\/\",\"logo\":{\"@type\":\"ImageObject\",\"inLanguage\":\"en-CA\",\"@id\":\"https:\\\/\\\/www.techniproind.com\\\/#\\\/schema\\\/logo\\\/image\\\/\",\"url\":\"https:\\\/\\\/www.techniproind.com\\\/wp-content\\\/uploads\\\/2019\\\/06\\\/logo.png\",\"contentUrl\":\"https:\\\/\\\/www.techniproind.com\\\/wp-content\\\/uploads\\\/2019\\\/06\\\/logo.png\",\"width\":429,\"height\":109,\"caption\":\"techni-pro industriel inc\"},\"image\":{\"@id\":\"https:\\\/\\\/www.techniproind.com\\\/#\\\/schema\\\/logo\\\/image\\\/\"},\"sameAs\":[\"https:\\\/\\\/www.facebook.com\\\/Techniproind\\\/\",\"https:\\\/\\\/www.linkedin.com\\\/company\\\/techni-pro-industriel-inc\\\/\"]}]}<\/script>\n<!-- \/ Yoast SEO Premium plugin. -->","yoast_head_json":{"title":"techniproind.com - CONTACTEZ-NOUS","description":"N'h\u00e9sitez pas \u00e0 nous contacter pour tout renseignement compl\u00e9mentaire","robots":{"index":"index","follow":"follow","max-snippet":"max-snippet:-1","max-image-preview":"max-image-preview:large","max-video-preview":"max-video-preview:-1"},"canonical":"https:\/\/www.techniproind.com\/en\/contactez-nous\/","og_locale":"en_US","og_type":"article","og_title":"CONTACTEZ-NOUS","og_description":"N'h\u00e9sitez pas \u00e0 nous contacter pour tout renseignement compl\u00e9mentaire","og_url":"https:\/\/www.techniproind.com\/en\/contactez-nous\/","og_site_name":"techniproind.com","article_publisher":"https:\/\/www.facebook.com\/Techniproind\/","article_modified_time":"2020-06-04T21:40:55+00:00","og_image":[{"width":1900,"height":650,"url":"https:\/\/www.techniproind.com\/wp-content\/uploads\/2019\/06\/headerLARGE.jpg","type":"image\/jpeg"}],"twitter_card":"summary_large_image","twitter_misc":{"Est. reading time":"3 minutes"},"schema":{"@context":"https:\/\/schema.org","@graph":[{"@type":"WebPage","@id":"https:\/\/www.techniproind.com\/contactez-nous\/","url":"https:\/\/www.techniproind.com\/contactez-nous\/","name":"techniproind.com - CONTACTEZ-NOUS","isPartOf":{"@id":"https:\/\/www.techniproind.com\/#website"},"datePublished":"2019-06-14T17:52:36+00:00","dateModified":"2020-06-04T21:40:55+00:00","description":"N'h\u00e9sitez pas \u00e0 nous contacter pour tout renseignement compl\u00e9mentaire","breadcrumb":{"@id":"https:\/\/www.techniproind.com\/contactez-nous\/#breadcrumb"},"inLanguage":"en-CA","potentialAction":[{"@type":"ReadAction","target":["https:\/\/www.techniproind.com\/contactez-nous\/"]}]},{"@type":"BreadcrumbList","@id":"https:\/\/www.techniproind.com\/contactez-nous\/#breadcrumb","itemListElement":[{"@type":"ListItem","position":1,"name":"Accueil","item":"https:\/\/www.techniproind.com\/"},{"@type":"ListItem","position":2,"name":"CONTACTEZ-NOUS"}]},{"@type":"WebSite","@id":"https:\/\/www.techniproind.com\/#website","url":"https:\/\/www.techniproind.com\/","name":"techniproind.com","description":"Agence de placement","publisher":{"@id":"https:\/\/www.techniproind.com\/#organization"},"potentialAction":[{"@type":"SearchAction","target":{"@type":"EntryPoint","urlTemplate":"https:\/\/www.techniproind.com\/?s={search_term_string}"},"query-input":{"@type":"PropertyValueSpecification","valueRequired":true,"valueName":"search_term_string"}}],"inLanguage":"en-CA"},{"@type":"Organization","@id":"https:\/\/www.techniproind.com\/#organization","name":"techni-pro industriel inc","url":"https:\/\/www.techniproind.com\/","logo":{"@type":"ImageObject","inLanguage":"en-CA","@id":"https:\/\/www.techniproind.com\/#\/schema\/logo\/image\/","url":"https:\/\/www.techniproind.com\/wp-content\/uploads\/2019\/06\/logo.png","contentUrl":"https:\/\/www.techniproind.com\/wp-content\/uploads\/2019\/06\/logo.png","width":429,"height":109,"caption":"techni-pro industriel inc"},"image":{"@id":"https:\/\/www.techniproind.com\/#\/schema\/logo\/image\/"},"sameAs":["https:\/\/www.facebook.com\/Techniproind\/","https:\/\/www.linkedin.com\/company\/techni-pro-industriel-inc\/"]}]}},"_links":{"self":[{"href":"https:\/\/www.techniproind.com\/en\/wp-json\/wp\/v2\/pages\/11954","targetHints":{"allow":["GET"]}}],"collection":[{"href":"https:\/\/www.techniproind.com\/en\/wp-json\/wp\/v2\/pages"}],"about":[{"href":"https:\/\/www.techniproind.com\/en\/wp-json\/wp\/v2\/types\/page"}],"author":[{"embeddable":true,"href":"https:\/\/www.techniproind.com\/en\/wp-json\/wp\/v2\/users\/1"}],"replies":[{"embeddable":true,"href":"https:\/\/www.techniproind.com\/en\/wp-json\/wp\/v2\/comments?post=11954"}],"version-history":[{"count":12,"href":"https:\/\/www.techniproind.com\/en\/wp-json\/wp\/v2\/pages\/11954\/revisions"}],"predecessor-version":[{"id":12756,"href":"https:\/\/www.techniproind.com\/en\/wp-json\/wp\/v2\/pages\/11954\/revisions\/12756"}],"wp:attachment":[{"href":"https:\/\/www.techniproind.com\/en\/wp-json\/wp\/v2\/media?parent=11954"}],"curies":[{"name":"wp","href":"https:\/\/api.w.org\/{rel}","templated":true}]}}