{"id":11949,"date":"2019-06-14T17:50:33","date_gmt":"2019-06-14T17:50:33","guid":{"rendered":"https:\/\/www.techniproind.com\/tpi-wordpress\/?page_id=11949"},"modified":"2022-12-21T14:29:23","modified_gmt":"2022-12-21T14:29:23","slug":"secteurs-dactivite","status":"publish","type":"page","link":"https:\/\/www.techniproind.com\/en\/secteurs-dactivite\/","title":{"rendered":"SECTOR OF ACTIVITY"},"content":{"rendered":"<p><div class=\"fusion-fullwidth fullwidth-box fusion-builder-row-1 nonhundred-percent-fullwidth non-hundred-percent-height-scrolling\" style=\"--awb-border-radius-top-left:0px;--awb-border-radius-top-right:0px;--awb-border-radius-bottom-right:0px;--awb-border-radius-bottom-left:0px;--awb-flex-wrap:wrap;\" ><div class=\"fusion-builder-row fusion-row\"><div class=\"fusion-layout-column fusion_builder_column fusion-builder-column-0 fusion_builder_column_1_1 1_1 fusion-one-full fusion-column-first fusion-column-last\" style=\"--awb-padding-bottom:50px;--awb-bg-size:cover;\"><div class=\"fusion-column-wrapper fusion-column-has-shadow fusion-flex-column-wrapper-legacy\"><div class=\"fusion-title title fusion-title-1 fusion-sep-none fusion-title-text fusion-title-size-two\" style=\"--awb-text-color:#2c569a;--awb-margin-top-small:0px;--awb-margin-right-small:0px;--awb-margin-bottom-small:20px;--awb-margin-left-small:0px;--awb-sep-color:#2c569a;--awb-font-size:33px;\"><h2 class=\"fusion-title-heading title-heading-left fusion-responsive-typography-calculated\" style=\"margin:0;font-size:1em;--fontSize:33;line-height:1.5;\"><h1 style=\"text-align: left;\"><span style=\"color: #2c569a;\"><strong>Technical professions are our specialty<\/strong><\/span><\/h1><\/h2><\/div><div class=\"fusion-text fusion-text-1\"><p>We are specialized in recruiting personnel for all technical trades.<br \/>\nTo be able to meet your expectations, we only focus on this business area.<br \/>\nContact us when you need technical employees quickly to help your business keep up with growth and weather peak times.<br \/>\nWe are aware that time is precious and when it is time to fill vacant positions, to replace people who are inadequate for the proper functioning of your business or simply to expand to carry out your projects. <strong><span style=\"color: #2c569a;\">Techni-Pro Industriel inc.<\/span><\/strong> is there for you.<br \/>\nWe are specialists in recruiting technical personnel.<\/p>\n<\/div><div class=\"fusion-clearfix\"><\/div><\/div><\/div><\/div><\/div><div class=\"fusion-fullwidth fullwidth-box fusion-builder-row-2 nonhundred-percent-fullwidth non-hundred-percent-height-scrolling\" style=\"--awb-border-radius-top-left:0px;--awb-border-radius-top-right:0px;--awb-border-radius-bottom-right:0px;--awb-border-radius-bottom-left:0px;--awb-flex-wrap:wrap;\" ><div class=\"fusion-builder-row fusion-row\"><div class=\"fusion-layout-column fusion_builder_column fusion-builder-column-1 fusion_builder_column_1_1 1_1 fusion-one-full fusion-column-first fusion-column-last\" style=\"--awb-bg-size:cover;\"><div class=\"fusion-column-wrapper fusion-column-has-shadow fusion-flex-column-wrapper-legacy\"><div class=\"fusion-title title fusion-title-2 fusion-sep-none fusion-title-text fusion-title-size-two\" style=\"--awb-text-color:#2c569a;--awb-margin-top-small:0px;--awb-margin-right-small:0px;--awb-margin-bottom-small:20px;--awb-margin-left-small:0px;--awb-sep-color:#2c569a;--awb-font-size:33px;\"><h2 class=\"fusion-title-heading title-heading-left fusion-responsive-typography-calculated\" style=\"margin:0;font-size:1em;--fontSize:33;line-height:1.5;\"><h1 style=\"text-align: left;\"><span style=\"color: #2c569a;\"><strong>Sector of activity<\/strong><\/span><\/h1><\/h2><\/div><div class=\"fusion-text fusion-text-2 awb-text-cols fusion-text-columns-5 sector-activity\" style=\"--awb-columns:5;--awb-column-spacing:2em;--awb-column-min-width:100px;--awb-rule-style:1px solid #e0dede;\"><p>Industrial<\/p>\n<p>Pharmaceuticals<\/p>\n<p>Distribution<\/p>\n<p>Warehouse<\/p>\n<p>Nutrition<\/p>\n<p>Institutional<\/p>\n<p>Manufacturing<\/p>\n<p>Metal<\/p>\n<p>Foundry<\/p>\n<p>Plastic<\/p>\n<p>Mill<\/p>\n<p>Hospital<\/p>\n<p>Government<\/p>\n<p>Real estate<\/p>\n<p>Others<\/p>\n<\/div><div class=\"fusion-clearfix\"><\/div><\/div><\/div><div class=\"fusion-layout-column fusion_builder_column fusion-builder-column-2 fusion_builder_column_1_1 1_1 fusion-one-full fusion-column-first fusion-column-last\" style=\"--awb-bg-size:cover;\"><div class=\"fusion-column-wrapper fusion-column-has-shadow fusion-flex-column-wrapper-legacy\"><div class=\"fusion-title title fusion-title-3 fusion-sep-none fusion-title-text fusion-title-size-two\" style=\"--awb-text-color:#2c569a;--awb-margin-top-small:0px;--awb-margin-right-small:0px;--awb-margin-bottom-small:20px;--awb-margin-left-small:0px;--awb-sep-color:#2c569a;--awb-font-size:33px;\"><h2 class=\"fusion-title-heading title-heading-left fusion-responsive-typography-calculated\" style=\"margin:0;font-size:1em;--fontSize:33;line-height:1.5;\"><h1 style=\"text-align: left;\"><span style=\"color: #2c569a;\"><strong>Maintenance \/ Project \/ Production\u00a0<\/strong><\/span><\/h1><\/h2><\/div><div class=\"fusion-text fusion-text-3 awb-text-cols fusion-text-columns-4 sector-activity\" style=\"--awb-columns:4;--awb-column-spacing:2em;--awb-column-min-width:100px;--awb-rule-style:1px solid #e0dede;\"><p>Apprentice of All Trade<\/p>\n<p>Machines Tools Mechanic<\/p>\n<p>Heavy machinery mechanic<\/p>\n<p>Lift Technician<\/p>\n<p>Construction millwrights<\/p>\n<p>Operator\/Tool Man<\/p>\n<p>Pipefitter\/Plumber<\/p>\n<p>Welder (C.W.B. HP)<\/p>\n<p>foreman<\/p>\n<p>Engineer<\/p>\n<p>Electrician<\/p>\n<p>Electronics technician<\/p>\n<p>Electro-Mechanic<\/p>\n<p>Tech. Inst. And Control<\/p>\n<p>Architectural technologist<\/p>\n<p>Architectural technician<\/p>\n<p>Project manager<\/p>\n<p>Apprentice of all trades<\/p>\n<p>Office Personnel<\/p>\n<p>Manager (real estate, projects, productions)<\/p>\n<p>D\u00e9veloppeur Web<\/p>\n<p>Technicien informatique IT<\/p>\n<p>Others<\/p>\n<\/div><div class=\"fusion-clearfix\"><\/div><\/div><\/div><div class=\"fusion-layout-column fusion_builder_column fusion-builder-column-3 fusion_builder_column_1_1 1_1 fusion-one-full fusion-column-first fusion-column-last\" style=\"--awb-padding-bottom:50px;--awb-bg-size:cover;\"><div class=\"fusion-column-wrapper fusion-column-has-shadow fusion-flex-column-wrapper-legacy\"><div class=\"fusion-title title fusion-title-4 fusion-sep-none fusion-title-text fusion-title-size-two\" style=\"--awb-text-color:#2c569a;--awb-margin-top-small:0px;--awb-margin-right-small:0px;--awb-margin-bottom-small:20px;--awb-margin-left-small:0px;--awb-sep-color:#2c569a;--awb-font-size:33px;\"><h2 class=\"fusion-title-heading title-heading-left fusion-responsive-typography-calculated\" style=\"margin:0;font-size:1em;--fontSize:33;line-height:1.5;\"><h1 style=\"text-align: left;\"><span style=\"color: #2c569a;\"><strong>Building Maintenance \/ Material Handling \/ General\u00a0<\/strong><\/span><\/h1><\/h2><\/div><div class=\"fusion-text fusion-text-4 awb-text-cols fusion-text-columns-5 sector-activity\" style=\"--awb-columns:5;--awb-column-spacing:2em;--awb-column-min-width:100px;--awb-rule-style:1px solid #e0dede;\"><p>Painter<\/p>\n<p>Plaster<\/p>\n<p>Cementer<\/p>\n<p>Carpenter<\/p>\n<p>Heating engineer<\/p>\n<p>Journeyman<\/p>\n<p>Industrial Janitor<\/p>\n<p>Lift Operator<\/p>\n<p>Fix Machine Mechanic<\/p>\n<\/div><div class=\"fusion-clearfix\"><\/div><\/div><\/div><\/div><\/div><div class=\"fusion-fullwidth fullwidth-box fusion-builder-row-3 nonhundred-percent-fullwidth non-hundred-percent-height-scrolling\" style=\"--awb-border-radius-top-left:0px;--awb-border-radius-top-right:0px;--awb-border-radius-bottom-right:0px;--awb-border-radius-bottom-left:0px;--awb-padding-top:30px;--awb-padding-right:30px;--awb-padding-bottom:0px;--awb-padding-left:30px;--awb-background-color:#f5f5f5;--awb-flex-wrap:wrap;\" ><div class=\"fusion-builder-row fusion-row\"><div class=\"fusion-layout-column fusion_builder_column fusion-builder-column-4 fusion_builder_column_4_5 4_5 fusion-four-fifth fusion-column-first\" style=\"--awb-bg-size:cover;width:80%;width:calc(80% - ( ( 4% ) * 0.8 ) );margin-right: 4%;\"><div class=\"fusion-column-wrapper fusion-column-has-shadow fusion-flex-column-wrapper-legacy\"><div class=\"fusion-title title fusion-title-5 fusion-title-text fusion-title-size-two\" style=\"--awb-margin-top-small:0px;--awb-margin-right-small:0px;--awb-margin-bottom-small:20px;--awb-margin-left-small:0px;--awb-font-size:33px;\"><h2 class=\"fusion-title-heading title-heading-left fusion-responsive-typography-calculated\" style=\"margin:0;font-size:1em;--fontSize:33;line-height:1.5;\"><p style=\"text-align: left;\"><span style=\"color: #2c569a;\"><strong>Get in touch !<\/strong><\/span><\/p><\/h2><span class=\"awb-title-spacer\"><\/span><div class=\"title-sep-container\"><div class=\"title-sep sep- sep-solid\" style=\"border-color:#e0dede;\"><\/div><\/div><\/div><div class=\"fusion-text fusion-text-5\"><p>if you have any questions, we are at your disposal<\/p>\n<\/div><div class=\"fusion-clearfix\"><\/div><\/div><\/div><div class=\"fusion-layout-column fusion_builder_column fusion-builder-column-5 fusion_builder_column_1_5 1_5 fusion-one-fifth fusion-column-last\" style=\"--awb-padding-bottom:20px;--awb-bg-size:cover;--awb-margin-top:40px;--awb-margin-bottom:0px;width:20%;width:calc(20% - ( ( 4% ) * 0.2 ) );\"><div class=\"fusion-column-wrapper fusion-column-has-shadow fusion-flex-column-wrapper-legacy\"><div class=\"fusion-button-wrapper\"><a class=\"fusion-button button-flat button-medium button-custom fusion-button-default button-1 fusion-button-default-span fusion-button-default-type\" style=\"--button_accent_color:#2c569a;--button_border_color:#2c569a;--button_accent_hover_color:#ffffff;--button_border_hover_color:#ffffff;--button_border_width-top:1px;--button_border_width-right:1px;--button_border_width-bottom:1px;--button_border_width-left:1px;--button_gradient_top_color:rgba(44,86,154,0);--button_gradient_bottom_color:rgba(44,86,154,0);--button_gradient_top_color_hover:#2c569a;--button_gradient_bottom_color_hover:#2c569a;--button_text_transform:uppercase;\" target=\"_self\" href=\"https:\/\/www.techniproind.com\/en\/contactez-nous\/\"><span class=\"fusion-button-text awb-button__text awb-button__text--default\">contact us<\/span><\/a><\/div><div class=\"fusion-clearfix\"><\/div><\/div><\/div><\/div><\/div><\/p>","protected":false},"excerpt":{"rendered":"","protected":false},"author":1,"featured_media":0,"parent":0,"menu_order":0,"comment_status":"closed","ping_status":"closed","template":"100-width.php","meta":{"footnotes":""},"class_list":["post-11949","page","type-page","status-publish","hentry"],"yoast_head":"<!-- This site is optimized with the Yoast SEO Premium plugin v27.2 (Yoast SEO v27.2) - https:\/\/yoast.com\/product\/yoast-seo-premium-wordpress\/ -->\n<title>techniproind.com - SECTEURS D&#039;ACTIVIT\u00c9 Service Rapide &amp; de Qualit\u00e9<\/title>\n<meta name=\"description\" content=\"fi\u00e8re d\u2019\u00eatre \u00e0 v\u00f4tre service depuis 1989 l&#039;agence de placement Techni-Pro Industriel inc est v\u00f4tre alli\u00e9 en mati\u00e8re de rectrutement\" \/>\n<meta name=\"robots\" content=\"index, follow, max-snippet:-1, max-image-preview:large, max-video-preview:-1\" \/>\n<link rel=\"canonical\" href=\"https:\/\/www.techniproind.com\/en\/secteurs-dactivite\/\" \/>\n<meta property=\"og:locale\" content=\"en_US\" \/>\n<meta property=\"og:type\" content=\"article\" \/>\n<meta property=\"og:title\" content=\"SECTEURS D&#039;ACTIVIT\u00c9\" \/>\n<meta property=\"og:description\" content=\"fi\u00e8re d\u2019\u00eatre \u00e0 v\u00f4tre service depuis 1989 l&#039;agence de placement Techni-Pro Industriel inc est v\u00f4tre alli\u00e9 en mati\u00e8re de rectrutement\" \/>\n<meta property=\"og:url\" content=\"https:\/\/www.techniproind.com\/en\/secteurs-dactivite\/\" \/>\n<meta property=\"og:site_name\" content=\"techniproind.com\" \/>\n<meta property=\"article:publisher\" content=\"https:\/\/www.facebook.com\/Techniproind\/\" \/>\n<meta property=\"article:modified_time\" content=\"2022-12-21T14:29:23+00:00\" \/>\n<meta property=\"og:image\" content=\"https:\/\/www.techniproind.com\/wp-content\/uploads\/2019\/06\/headerLARGE.jpg\" \/>\n\t<meta property=\"og:image:width\" content=\"1900\" \/>\n\t<meta property=\"og:image:height\" content=\"650\" \/>\n\t<meta property=\"og:image:type\" content=\"image\/jpeg\" \/>\n<meta name=\"twitter:card\" content=\"summary_large_image\" \/>\n<meta name=\"twitter:label1\" content=\"Est. reading time\" \/>\n\t<meta name=\"twitter:data1\" content=\"5 minutes\" \/>\n<script type=\"application\/ld+json\" class=\"yoast-schema-graph\">{\"@context\":\"https:\/\/schema.org\",\"@graph\":[{\"@type\":\"WebPage\",\"@id\":\"https:\/\/www.techniproind.com\/secteurs-dactivite\/\",\"url\":\"https:\/\/www.techniproind.com\/secteurs-dactivite\/\",\"name\":\"techniproind.com - SECTEURS D'ACTIVIT\u00c9 Service Rapide & de Qualit\u00e9\",\"isPartOf\":{\"@id\":\"https:\/\/www.techniproind.com\/#website\"},\"datePublished\":\"2019-06-14T17:50:33+00:00\",\"dateModified\":\"2022-12-21T14:29:23+00:00\",\"description\":\"fi\u00e8re d\u2019\u00eatre \u00e0 v\u00f4tre service depuis 1989 l'agence de placement Techni-Pro Industriel inc est v\u00f4tre alli\u00e9 en mati\u00e8re de rectrutement\",\"breadcrumb\":{\"@id\":\"https:\/\/www.techniproind.com\/secteurs-dactivite\/#breadcrumb\"},\"inLanguage\":\"en-CA\",\"potentialAction\":[{\"@type\":\"ReadAction\",\"target\":[\"https:\/\/www.techniproind.com\/secteurs-dactivite\/\"]}]},{\"@type\":\"BreadcrumbList\",\"@id\":\"https:\/\/www.techniproind.com\/secteurs-dactivite\/#breadcrumb\",\"itemListElement\":[{\"@type\":\"ListItem\",\"position\":1,\"name\":\"Accueil\",\"item\":\"https:\/\/www.techniproind.com\/\"},{\"@type\":\"ListItem\",\"position\":2,\"name\":\"SECTEURS D&rsquo;ACTIVIT\u00c9\"}]},{\"@type\":\"WebSite\",\"@id\":\"https:\/\/www.techniproind.com\/#website\",\"url\":\"https:\/\/www.techniproind.com\/\",\"name\":\"techniproind.com\",\"description\":\"Agence de placement\",\"publisher\":{\"@id\":\"https:\/\/www.techniproind.com\/#organization\"},\"potentialAction\":[{\"@type\":\"SearchAction\",\"target\":{\"@type\":\"EntryPoint\",\"urlTemplate\":\"https:\/\/www.techniproind.com\/?s={search_term_string}\"},\"query-input\":{\"@type\":\"PropertyValueSpecification\",\"valueRequired\":true,\"valueName\":\"search_term_string\"}}],\"inLanguage\":\"en-CA\"},{\"@type\":\"Organization\",\"@id\":\"https:\/\/www.techniproind.com\/#organization\",\"name\":\"techni-pro industriel inc\",\"url\":\"https:\/\/www.techniproind.com\/\",\"logo\":{\"@type\":\"ImageObject\",\"inLanguage\":\"en-CA\",\"@id\":\"https:\/\/www.techniproind.com\/#\/schema\/logo\/image\/\",\"url\":\"https:\/\/www.techniproind.com\/wp-content\/uploads\/2019\/06\/logo.png\",\"contentUrl\":\"https:\/\/www.techniproind.com\/wp-content\/uploads\/2019\/06\/logo.png\",\"width\":429,\"height\":109,\"caption\":\"techni-pro industriel inc\"},\"image\":{\"@id\":\"https:\/\/www.techniproind.com\/#\/schema\/logo\/image\/\"},\"sameAs\":[\"https:\/\/www.facebook.com\/Techniproind\/\",\"https:\/\/www.linkedin.com\/company\/techni-pro-industriel-inc\/\"]}]}<\/script>\n<!-- \/ Yoast SEO Premium plugin. -->","yoast_head_json":{"title":"techniproind.com - SECTEURS D'ACTIVIT\u00c9 Service Rapide & de Qualit\u00e9","description":"fi\u00e8re d\u2019\u00eatre \u00e0 v\u00f4tre service depuis 1989 l'agence de placement Techni-Pro Industriel inc est v\u00f4tre alli\u00e9 en mati\u00e8re de rectrutement","robots":{"index":"index","follow":"follow","max-snippet":"max-snippet:-1","max-image-preview":"max-image-preview:large","max-video-preview":"max-video-preview:-1"},"canonical":"https:\/\/www.techniproind.com\/en\/secteurs-dactivite\/","og_locale":"en_US","og_type":"article","og_title":"SECTEURS D'ACTIVIT\u00c9","og_description":"fi\u00e8re d\u2019\u00eatre \u00e0 v\u00f4tre service depuis 1989 l'agence de placement Techni-Pro Industriel inc est v\u00f4tre alli\u00e9 en mati\u00e8re de rectrutement","og_url":"https:\/\/www.techniproind.com\/en\/secteurs-dactivite\/","og_site_name":"techniproind.com","article_publisher":"https:\/\/www.facebook.com\/Techniproind\/","article_modified_time":"2022-12-21T14:29:23+00:00","og_image":[{"width":1900,"height":650,"url":"https:\/\/www.techniproind.com\/wp-content\/uploads\/2019\/06\/headerLARGE.jpg","type":"image\/jpeg"}],"twitter_card":"summary_large_image","twitter_misc":{"Est. reading time":"5 minutes"},"schema":{"@context":"https:\/\/schema.org","@graph":[{"@type":"WebPage","@id":"https:\/\/www.techniproind.com\/secteurs-dactivite\/","url":"https:\/\/www.techniproind.com\/secteurs-dactivite\/","name":"techniproind.com - SECTEURS D'ACTIVIT\u00c9 Service Rapide & de Qualit\u00e9","isPartOf":{"@id":"https:\/\/www.techniproind.com\/#website"},"datePublished":"2019-06-14T17:50:33+00:00","dateModified":"2022-12-21T14:29:23+00:00","description":"fi\u00e8re d\u2019\u00eatre \u00e0 v\u00f4tre service depuis 1989 l'agence de placement Techni-Pro Industriel inc est v\u00f4tre alli\u00e9 en mati\u00e8re de rectrutement","breadcrumb":{"@id":"https:\/\/www.techniproind.com\/secteurs-dactivite\/#breadcrumb"},"inLanguage":"en-CA","potentialAction":[{"@type":"ReadAction","target":["https:\/\/www.techniproind.com\/secteurs-dactivite\/"]}]},{"@type":"BreadcrumbList","@id":"https:\/\/www.techniproind.com\/secteurs-dactivite\/#breadcrumb","itemListElement":[{"@type":"ListItem","position":1,"name":"Accueil","item":"https:\/\/www.techniproind.com\/"},{"@type":"ListItem","position":2,"name":"SECTEURS D&rsquo;ACTIVIT\u00c9"}]},{"@type":"WebSite","@id":"https:\/\/www.techniproind.com\/#website","url":"https:\/\/www.techniproind.com\/","name":"techniproind.com","description":"Agence de placement","publisher":{"@id":"https:\/\/www.techniproind.com\/#organization"},"potentialAction":[{"@type":"SearchAction","target":{"@type":"EntryPoint","urlTemplate":"https:\/\/www.techniproind.com\/?s={search_term_string}"},"query-input":{"@type":"PropertyValueSpecification","valueRequired":true,"valueName":"search_term_string"}}],"inLanguage":"en-CA"},{"@type":"Organization","@id":"https:\/\/www.techniproind.com\/#organization","name":"techni-pro industriel inc","url":"https:\/\/www.techniproind.com\/","logo":{"@type":"ImageObject","inLanguage":"en-CA","@id":"https:\/\/www.techniproind.com\/#\/schema\/logo\/image\/","url":"https:\/\/www.techniproind.com\/wp-content\/uploads\/2019\/06\/logo.png","contentUrl":"https:\/\/www.techniproind.com\/wp-content\/uploads\/2019\/06\/logo.png","width":429,"height":109,"caption":"techni-pro industriel inc"},"image":{"@id":"https:\/\/www.techniproind.com\/#\/schema\/logo\/image\/"},"sameAs":["https:\/\/www.facebook.com\/Techniproind\/","https:\/\/www.linkedin.com\/company\/techni-pro-industriel-inc\/"]}]}},"_links":{"self":[{"href":"https:\/\/www.techniproind.com\/en\/wp-json\/wp\/v2\/pages\/11949","targetHints":{"allow":["GET"]}}],"collection":[{"href":"https:\/\/www.techniproind.com\/en\/wp-json\/wp\/v2\/pages"}],"about":[{"href":"https:\/\/www.techniproind.com\/en\/wp-json\/wp\/v2\/types\/page"}],"author":[{"embeddable":true,"href":"https:\/\/www.techniproind.com\/en\/wp-json\/wp\/v2\/users\/1"}],"replies":[{"embeddable":true,"href":"https:\/\/www.techniproind.com\/en\/wp-json\/wp\/v2\/comments?post=11949"}],"version-history":[{"count":52,"href":"https:\/\/www.techniproind.com\/en\/wp-json\/wp\/v2\/pages\/11949\/revisions"}],"predecessor-version":[{"id":12921,"href":"https:\/\/www.techniproind.com\/en\/wp-json\/wp\/v2\/pages\/11949\/revisions\/12921"}],"wp:attachment":[{"href":"https:\/\/www.techniproind.com\/en\/wp-json\/wp\/v2\/media?parent=11949"}],"curies":[{"name":"wp","href":"https:\/\/api.w.org\/{rel}","templated":true}]}}