{"id":11947,"date":"2019-06-14T17:47:23","date_gmt":"2019-06-14T17:47:23","guid":{"rendered":"https:\/\/www.techniproind.com\/tpi-wordpress\/?page_id=11947"},"modified":"2025-04-02T18:17:43","modified_gmt":"2025-04-02T18:17:43","slug":"a-propos","status":"publish","type":"page","link":"https:\/\/www.techniproind.com\/en\/a-propos\/","title":{"rendered":"ABOUT US"},"content":{"rendered":"<p><div class=\"fusion-fullwidth fullwidth-box fusion-builder-row-1 nonhundred-percent-fullwidth non-hundred-percent-height-scrolling\" style=\"--awb-border-radius-top-left:0px;--awb-border-radius-top-right:0px;--awb-border-radius-bottom-right:0px;--awb-border-radius-bottom-left:0px;--awb-flex-wrap:wrap;\" ><div class=\"fusion-builder-row fusion-row\"><div class=\"fusion-layout-column fusion_builder_column fusion-builder-column-0 fusion_builder_column_1_1 1_1 fusion-one-full fusion-column-first fusion-column-last\" style=\"--awb-padding-bottom:55px;--awb-bg-size:cover;\"><div class=\"fusion-column-wrapper fusion-column-has-shadow fusion-flex-column-wrapper-legacy\"><div class=\"fusion-title title fusion-title-1 fusion-sep-none fusion-title-text fusion-title-size-two\" style=\"--awb-text-color:#2c569a;--awb-margin-top-small:0px;--awb-margin-right-small:0px;--awb-margin-bottom-small:20px;--awb-margin-left-small:0px;--awb-sep-color:#2c569a;--awb-font-size:33px;\"><h2 class=\"fusion-title-heading title-heading-left fusion-responsive-typography-calculated\" style=\"margin:0;font-size:1em;--fontSize:33;line-height:1.5;\"><h1 style=\"text-align: left;\"><span style=\"color: #2c569a;\"><strong>Who are we?<\/strong><\/span><\/h1><\/h2><\/div><div class=\"fusion-text fusion-text-1\"><p>Since 1989, <strong><span style=\"color: #2c569a;\">Techni-Pro Industriel inc.<\/span><\/strong>&nbsp;s&rsquo;engage \u00e0 fournir des solutions de recrutement efficaces et personnalis\u00e9es pour r\u00e9pondre \u00e0 vos besoins en main-d&rsquo;\u0153uvre qualifi\u00e9e. Nous pla\u00e7ons la qualit\u00e9 du service au c\u0153ur de notre approche, devenant ainsi votre partenaire de confiance pour l\u2019embauche, que ce soit pour des postes permanents ou temporaires.<\/p>\n<p>Dans un march\u00e9 o\u00f9 la p\u00e9nurie de main-d&rsquo;\u0153uvre est de plus en plus marqu\u00e9e, nous nous distinguons par notre capacit\u00e9 \u00e0 trouver des talents fiables et qualifi\u00e9s, rapidement et \u00e0 des tarifs comp\u00e9titifs. Transmise de g\u00e9n\u00e9ration en g\u00e9n\u00e9ration, notre expertise est un gage de fiabilit\u00e9.<\/p>\n<p>Ne vous contentez pas de moins. <strong><span style=\"color: #2c569a;\">Techni-Pro Industriel inc.<\/span><\/strong>&nbsp;est le choix de l&rsquo;excellence. Contactez-nous pour plus d\u2019informations.<\/p>\n<\/div><div class=\"fusion-clearfix\"><\/div><\/div><\/div><\/div><\/div><div class=\"fusion-fullwidth fullwidth-box fusion-builder-row-2 nonhundred-percent-fullwidth non-hundred-percent-height-scrolling\" style=\"--awb-border-radius-top-left:0px;--awb-border-radius-top-right:0px;--awb-border-radius-bottom-right:0px;--awb-border-radius-bottom-left:0px;--awb-background-color:#f5f5f5;--awb-flex-wrap:wrap;\" ><div class=\"fusion-builder-row fusion-row\"><div class=\"fusion-layout-column fusion_builder_column fusion-builder-column-1 fusion_builder_column_1_1 1_1 fusion-one-full fusion-column-first fusion-column-last\" style=\"--awb-padding-top:55px;--awb-padding-bottom:55px;--awb-bg-size:cover;\"><div class=\"fusion-column-wrapper fusion-column-has-shadow fusion-flex-column-wrapper-legacy\"><div class=\"fusion-title title fusion-title-2 fusion-sep-none fusion-title-text fusion-title-size-two\" style=\"--awb-text-color:#2c569a;--awb-margin-top-small:0px;--awb-margin-right-small:0px;--awb-margin-bottom-small:20px;--awb-margin-left-small:0px;--awb-sep-color:#2c569a;--awb-font-size:33px;\"><h2 class=\"fusion-title-heading title-heading-left fusion-responsive-typography-calculated\" style=\"margin:0;font-size:1em;--fontSize:33;line-height:1.5;\"><h1 style=\"text-align: left;\"><span style=\"color: #2c569a;\"><b>Les avantages de travailler avec l&rsquo;agence d&rsquo;int\u00e9rim Techni-Pro Industriel Inc.<\/b><\/span><\/h1><\/h2><\/div><div class=\"fusion-text fusion-text-2\"><div class=\"gs\">\n<p>&nbsp;<\/p>\n<div class=\"\">\n<div id=\":ms\" class=\"ii gt\">\n<div id=\":mr\" class=\"a3s aXjCH\">\n<ul>\n<li>Recrutement rapide et efficace de personnel permanent qualifi\u00e9 adapt\u00e9 \u00e0 vos besoins.<\/li>\n<li>Essai des candidats avant embauche pour garantir un choix optimal.<\/li>\n<li>Embauche sans frais suppl\u00e9mentaires pour les talents r\u00e9pondant \u00e0 vos attentes.<\/li>\n<li>Tarifs comp\u00e9titifs incluant la gestion compl\u00e8te : paies, T-4, CNESST et d\u00e9p\u00f4ts automatiques.<\/li>\n<li>Paiement bas\u00e9 uniquement sur les heures travaill\u00e9es, sans co\u00fbts cach\u00e9s.<\/li>\n<li>Respect des budgets pr\u00e9d\u00e9finis gr\u00e2ce \u00e0 des solutions flexibles et structur\u00e9es.<\/li>\n<li>R\u00e9duction des d\u00e9lais et simplification des processus d\u2019embauche.<\/li>\n<li>Large r\u00e9seau de talents sp\u00e9cialis\u00e9s dans le secteur industriel et technique.<\/li>\n<li>Plus de 30 ans d\u2019expertise en placement de personnel permanent qualifi\u00e9.<\/li>\n<li>\u00c9limination des tracas administratifs pour un recrutement sans stress.<\/li>\n<li>Accompagnement personnalis\u00e9 et service client r\u00e9actif \u00e0 chaque \u00e9tape.<\/li>\n<\/ul>\n<\/div>\n<\/div>\n<\/div>\n<\/div>\n<\/div><div class=\"fusion-clearfix\"><\/div><\/div><\/div><\/div><\/div><div class=\"fusion-fullwidth fullwidth-box fusion-builder-row-3 nonhundred-percent-fullwidth non-hundred-percent-height-scrolling\" style=\"--awb-border-radius-top-left:0px;--awb-border-radius-top-right:0px;--awb-border-radius-bottom-right:0px;--awb-border-radius-bottom-left:0px;--awb-background-color:#ffffff;--awb-flex-wrap:wrap;\" ><div class=\"fusion-builder-row fusion-row\"><div class=\"fusion-layout-column fusion_builder_column fusion-builder-column-2 fusion_builder_column_1_1 1_1 fusion-one-full fusion-column-first fusion-column-last\" style=\"--awb-padding-top:55px;--awb-padding-bottom:55px;--awb-bg-size:cover;\"><div class=\"fusion-column-wrapper fusion-column-has-shadow fusion-flex-column-wrapper-legacy\"><div class=\"fusion-title title fusion-title-3 fusion-sep-none fusion-title-text fusion-title-size-two\" style=\"--awb-text-color:#2c569a;--awb-margin-top-small:0px;--awb-margin-right-small:0px;--awb-margin-bottom-small:20px;--awb-margin-left-small:0px;--awb-sep-color:#2c569a;--awb-font-size:33px;\"><h2 class=\"fusion-title-heading title-heading-left fusion-responsive-typography-calculated\" style=\"margin:0;font-size:1em;--fontSize:33;line-height:1.5;\"><h1 style=\"text-align: left;\"><span style=\"color: #2c569a;\"><b>More about our recruitment agency<\/b><\/span><\/h1><\/h2><\/div><div class=\"fusion-text fusion-text-3\"><p>By choosing <strong><span style=\"color: #2c569a;\">Techni-Pro Industriel inc.<\/span><\/strong>, vous maximisez vos chances de combler rapidement vos besoins en main-d\u2019\u0153uvre qualifi\u00e9e. Notre agence vous permet de d\u00e9l\u00e9guer une mission essentielle pour le bon fonctionnement de votre entreprise, tout en vous lib\u00e9rant du temps pr\u00e9cieux.<\/p>\n<p>Avec des solutions structur\u00e9es et adapt\u00e9es \u00e0 votre r\u00e9alit\u00e9, nous vous aidons \u00e0 rester concentr\u00e9 sur les aspects productifs et rentables de vos activit\u00e9s. De la premi\u00e8re \u00e9tape jusqu\u2019\u00e0 la finalisation du recrutement, nous sommes votre partenaire de confiance.<\/p>\n<\/div><div class=\"fusion-clearfix\"><\/div><\/div><\/div><\/div><\/div><div class=\"fusion-fullwidth fullwidth-box fusion-builder-row-4 nonhundred-percent-fullwidth non-hundred-percent-height-scrolling\" style=\"--awb-border-radius-top-left:0px;--awb-border-radius-top-right:0px;--awb-border-radius-bottom-right:0px;--awb-border-radius-bottom-left:0px;--awb-padding-top:55px;--awb-padding-right:30px;--awb-padding-bottom:0px;--awb-padding-left:30px;--awb-background-color:#f5f5f5;--awb-flex-wrap:wrap;\" ><div class=\"fusion-builder-row fusion-row\"><div class=\"fusion-layout-column fusion_builder_column fusion-builder-column-3 fusion_builder_column_4_5 4_5 fusion-four-fifth fusion-column-first\" style=\"--awb-bg-size:cover;width:80%;width:calc(80% - ( ( 4% ) * 0.8 ) );margin-right: 4%;\"><div class=\"fusion-column-wrapper fusion-column-has-shadow fusion-flex-column-wrapper-legacy\"><div class=\"fusion-title title fusion-title-4 fusion-title-text fusion-title-size-two\" style=\"--awb-margin-top-small:0px;--awb-margin-right-small:0px;--awb-margin-bottom-small:20px;--awb-margin-left-small:0px;--awb-font-size:33px;\"><h2 class=\"fusion-title-heading title-heading-left fusion-responsive-typography-calculated\" style=\"margin:0;font-size:1em;--fontSize:33;line-height:1.5;\"><p style=\"text-align: left;\"><span style=\"color: #2c569a;\"><strong>Get in touch !<\/strong><\/span><\/p><\/h2><span class=\"awb-title-spacer\"><\/span><div class=\"title-sep-container\"><div class=\"title-sep sep- sep-solid\" style=\"border-color:#e0dede;\"><\/div><\/div><\/div><div class=\"fusion-text fusion-text-4\"><p>if you have any questions, we are at your disposal<\/p>\n<\/div><div class=\"fusion-clearfix\"><\/div><\/div><\/div><div class=\"fusion-layout-column fusion_builder_column fusion-builder-column-4 fusion_builder_column_1_5 1_5 fusion-one-fifth fusion-column-last\" style=\"--awb-padding-bottom:20px;--awb-bg-size:cover;--awb-margin-top:35px;--awb-margin-bottom:0px;width:20%;width:calc(20% - ( ( 4% ) * 0.2 ) );\"><div class=\"fusion-column-wrapper fusion-column-has-shadow fusion-flex-column-wrapper-legacy\"><div class=\"fusion-button-wrapper\"><a class=\"fusion-button button-flat button-medium button-custom fusion-button-default button-1 fusion-button-default-span fusion-button-default-type\" style=\"--button_accent_color:#2c569a;--button_border_color:#2c569a;--button_accent_hover_color:#ffffff;--button_border_hover_color:#ffffff;--button_border_width-top:1px;--button_border_width-right:1px;--button_border_width-bottom:1px;--button_border_width-left:1px;--button_gradient_top_color:rgba(44,86,154,0);--button_gradient_bottom_color:rgba(44,86,154,0);--button_gradient_top_color_hover:#2c569a;--button_gradient_bottom_color_hover:#2c569a;--button_text_transform:uppercase;\" target=\"_self\" href=\"https:\/\/www.techniproind.com\/en\/contactez-nous\/\"><span class=\"fusion-button-text awb-button__text awb-button__text--default\">contact us<\/span><\/a><\/div><div class=\"fusion-clearfix\"><\/div><\/div><\/div><\/div><\/div><\/p>","protected":false},"excerpt":{"rendered":"","protected":false},"author":1,"featured_media":0,"parent":0,"menu_order":0,"comment_status":"closed","ping_status":"closed","template":"100-width.php","meta":{"footnotes":""},"class_list":["post-11947","page","type-page","status-publish","hentry"],"yoast_head":"<!-- This site is optimized with the Yoast SEO Premium plugin v27.4 (Yoast SEO v27.4) - https:\/\/yoast.com\/product\/yoast-seo-premium-wordpress\/ -->\n<title>techniproind.com - Agence de Placement | Service Rapide &amp; de Qualit\u00e9<\/title>\n<meta name=\"description\" content=\"fi\u00e8re d\u2019\u00eatre \u00e0 v\u00f4tre service depuis 1989 En temps qu\u2019agence de placement Techni-Pro Industriel inc est v\u00f4tre alli\u00e9 en mati\u00e8re de recrutement\" \/>\n<meta name=\"robots\" content=\"index, follow, max-snippet:-1, max-image-preview:large, max-video-preview:-1\" \/>\n<link rel=\"canonical\" href=\"https:\/\/www.techniproind.com\/en\/a-propos\/\" \/>\n<meta property=\"og:locale\" content=\"en_US\" \/>\n<meta property=\"og:type\" content=\"article\" \/>\n<meta property=\"og:title\" content=\"\u00c0 PROPOS\" \/>\n<meta property=\"og:description\" content=\"fi\u00e8re d\u2019\u00eatre \u00e0 v\u00f4tre service depuis 1989 En temps qu\u2019agence de placement Techni-Pro Industriel inc est v\u00f4tre alli\u00e9 en mati\u00e8re de recrutement\" \/>\n<meta property=\"og:url\" content=\"https:\/\/www.techniproind.com\/en\/a-propos\/\" \/>\n<meta property=\"og:site_name\" content=\"techniproind.com\" \/>\n<meta property=\"article:publisher\" content=\"https:\/\/www.facebook.com\/Techniproind\/\" \/>\n<meta property=\"article:modified_time\" content=\"2025-04-02T18:17:43+00:00\" \/>\n<meta property=\"og:image\" content=\"https:\/\/www.techniproind.com\/wp-content\/uploads\/2019\/06\/headerLARGE.jpg\" \/>\n\t<meta property=\"og:image:width\" content=\"1900\" \/>\n\t<meta property=\"og:image:height\" content=\"650\" \/>\n\t<meta property=\"og:image:type\" content=\"image\/jpeg\" \/>\n<meta name=\"twitter:card\" content=\"summary_large_image\" \/>\n<meta name=\"twitter:label1\" content=\"Est. reading time\" \/>\n\t<meta name=\"twitter:data1\" content=\"6 minutes\" \/>\n<script type=\"application\/ld+json\" class=\"yoast-schema-graph\">{\"@context\":\"https:\\\/\\\/schema.org\",\"@graph\":[{\"@type\":\"WebPage\",\"@id\":\"https:\\\/\\\/www.techniproind.com\\\/a-propos\\\/\",\"url\":\"https:\\\/\\\/www.techniproind.com\\\/a-propos\\\/\",\"name\":\"techniproind.com - Agence de Placement | Service Rapide & de Qualit\u00e9\",\"isPartOf\":{\"@id\":\"https:\\\/\\\/www.techniproind.com\\\/#website\"},\"datePublished\":\"2019-06-14T17:47:23+00:00\",\"dateModified\":\"2025-04-02T18:17:43+00:00\",\"description\":\"fi\u00e8re d\u2019\u00eatre \u00e0 v\u00f4tre service depuis 1989 En temps qu\u2019agence de placement Techni-Pro Industriel inc est v\u00f4tre alli\u00e9 en mati\u00e8re de recrutement\",\"breadcrumb\":{\"@id\":\"https:\\\/\\\/www.techniproind.com\\\/a-propos\\\/#breadcrumb\"},\"inLanguage\":\"en-CA\",\"potentialAction\":[{\"@type\":\"ReadAction\",\"target\":[\"https:\\\/\\\/www.techniproind.com\\\/a-propos\\\/\"]}]},{\"@type\":\"BreadcrumbList\",\"@id\":\"https:\\\/\\\/www.techniproind.com\\\/a-propos\\\/#breadcrumb\",\"itemListElement\":[{\"@type\":\"ListItem\",\"position\":1,\"name\":\"Accueil\",\"item\":\"https:\\\/\\\/www.techniproind.com\\\/\"},{\"@type\":\"ListItem\",\"position\":2,\"name\":\"\u00c0 PROPOS\"}]},{\"@type\":\"WebSite\",\"@id\":\"https:\\\/\\\/www.techniproind.com\\\/#website\",\"url\":\"https:\\\/\\\/www.techniproind.com\\\/\",\"name\":\"techniproind.com\",\"description\":\"Agence de placement\",\"publisher\":{\"@id\":\"https:\\\/\\\/www.techniproind.com\\\/#organization\"},\"potentialAction\":[{\"@type\":\"SearchAction\",\"target\":{\"@type\":\"EntryPoint\",\"urlTemplate\":\"https:\\\/\\\/www.techniproind.com\\\/?s={search_term_string}\"},\"query-input\":{\"@type\":\"PropertyValueSpecification\",\"valueRequired\":true,\"valueName\":\"search_term_string\"}}],\"inLanguage\":\"en-CA\"},{\"@type\":\"Organization\",\"@id\":\"https:\\\/\\\/www.techniproind.com\\\/#organization\",\"name\":\"techni-pro industriel inc\",\"url\":\"https:\\\/\\\/www.techniproind.com\\\/\",\"logo\":{\"@type\":\"ImageObject\",\"inLanguage\":\"en-CA\",\"@id\":\"https:\\\/\\\/www.techniproind.com\\\/#\\\/schema\\\/logo\\\/image\\\/\",\"url\":\"https:\\\/\\\/www.techniproind.com\\\/wp-content\\\/uploads\\\/2019\\\/06\\\/logo.png\",\"contentUrl\":\"https:\\\/\\\/www.techniproind.com\\\/wp-content\\\/uploads\\\/2019\\\/06\\\/logo.png\",\"width\":429,\"height\":109,\"caption\":\"techni-pro industriel inc\"},\"image\":{\"@id\":\"https:\\\/\\\/www.techniproind.com\\\/#\\\/schema\\\/logo\\\/image\\\/\"},\"sameAs\":[\"https:\\\/\\\/www.facebook.com\\\/Techniproind\\\/\",\"https:\\\/\\\/www.linkedin.com\\\/company\\\/techni-pro-industriel-inc\\\/\"]}]}<\/script>\n<!-- \/ Yoast SEO Premium plugin. -->","yoast_head_json":{"title":"techniproind.com - Agence de Placement | Service Rapide & de Qualit\u00e9","description":"fi\u00e8re d\u2019\u00eatre \u00e0 v\u00f4tre service depuis 1989 En temps qu\u2019agence de placement Techni-Pro Industriel inc est v\u00f4tre alli\u00e9 en mati\u00e8re de recrutement","robots":{"index":"index","follow":"follow","max-snippet":"max-snippet:-1","max-image-preview":"max-image-preview:large","max-video-preview":"max-video-preview:-1"},"canonical":"https:\/\/www.techniproind.com\/en\/a-propos\/","og_locale":"en_US","og_type":"article","og_title":"\u00c0 PROPOS","og_description":"fi\u00e8re d\u2019\u00eatre \u00e0 v\u00f4tre service depuis 1989 En temps qu\u2019agence de placement Techni-Pro Industriel inc est v\u00f4tre alli\u00e9 en mati\u00e8re de recrutement","og_url":"https:\/\/www.techniproind.com\/en\/a-propos\/","og_site_name":"techniproind.com","article_publisher":"https:\/\/www.facebook.com\/Techniproind\/","article_modified_time":"2025-04-02T18:17:43+00:00","og_image":[{"width":1900,"height":650,"url":"https:\/\/www.techniproind.com\/wp-content\/uploads\/2019\/06\/headerLARGE.jpg","type":"image\/jpeg"}],"twitter_card":"summary_large_image","twitter_misc":{"Est. reading time":"6 minutes"},"schema":{"@context":"https:\/\/schema.org","@graph":[{"@type":"WebPage","@id":"https:\/\/www.techniproind.com\/a-propos\/","url":"https:\/\/www.techniproind.com\/a-propos\/","name":"techniproind.com - Agence de Placement | Service Rapide & de Qualit\u00e9","isPartOf":{"@id":"https:\/\/www.techniproind.com\/#website"},"datePublished":"2019-06-14T17:47:23+00:00","dateModified":"2025-04-02T18:17:43+00:00","description":"fi\u00e8re d\u2019\u00eatre \u00e0 v\u00f4tre service depuis 1989 En temps qu\u2019agence de placement Techni-Pro Industriel inc est v\u00f4tre alli\u00e9 en mati\u00e8re de recrutement","breadcrumb":{"@id":"https:\/\/www.techniproind.com\/a-propos\/#breadcrumb"},"inLanguage":"en-CA","potentialAction":[{"@type":"ReadAction","target":["https:\/\/www.techniproind.com\/a-propos\/"]}]},{"@type":"BreadcrumbList","@id":"https:\/\/www.techniproind.com\/a-propos\/#breadcrumb","itemListElement":[{"@type":"ListItem","position":1,"name":"Accueil","item":"https:\/\/www.techniproind.com\/"},{"@type":"ListItem","position":2,"name":"\u00c0 PROPOS"}]},{"@type":"WebSite","@id":"https:\/\/www.techniproind.com\/#website","url":"https:\/\/www.techniproind.com\/","name":"techniproind.com","description":"Agence de placement","publisher":{"@id":"https:\/\/www.techniproind.com\/#organization"},"potentialAction":[{"@type":"SearchAction","target":{"@type":"EntryPoint","urlTemplate":"https:\/\/www.techniproind.com\/?s={search_term_string}"},"query-input":{"@type":"PropertyValueSpecification","valueRequired":true,"valueName":"search_term_string"}}],"inLanguage":"en-CA"},{"@type":"Organization","@id":"https:\/\/www.techniproind.com\/#organization","name":"techni-pro industriel inc","url":"https:\/\/www.techniproind.com\/","logo":{"@type":"ImageObject","inLanguage":"en-CA","@id":"https:\/\/www.techniproind.com\/#\/schema\/logo\/image\/","url":"https:\/\/www.techniproind.com\/wp-content\/uploads\/2019\/06\/logo.png","contentUrl":"https:\/\/www.techniproind.com\/wp-content\/uploads\/2019\/06\/logo.png","width":429,"height":109,"caption":"techni-pro industriel inc"},"image":{"@id":"https:\/\/www.techniproind.com\/#\/schema\/logo\/image\/"},"sameAs":["https:\/\/www.facebook.com\/Techniproind\/","https:\/\/www.linkedin.com\/company\/techni-pro-industriel-inc\/"]}]}},"_links":{"self":[{"href":"https:\/\/www.techniproind.com\/en\/wp-json\/wp\/v2\/pages\/11947","targetHints":{"allow":["GET"]}}],"collection":[{"href":"https:\/\/www.techniproind.com\/en\/wp-json\/wp\/v2\/pages"}],"about":[{"href":"https:\/\/www.techniproind.com\/en\/wp-json\/wp\/v2\/types\/page"}],"author":[{"embeddable":true,"href":"https:\/\/www.techniproind.com\/en\/wp-json\/wp\/v2\/users\/1"}],"replies":[{"embeddable":true,"href":"https:\/\/www.techniproind.com\/en\/wp-json\/wp\/v2\/comments?post=11947"}],"version-history":[{"count":50,"href":"https:\/\/www.techniproind.com\/en\/wp-json\/wp\/v2\/pages\/11947\/revisions"}],"predecessor-version":[{"id":13098,"href":"https:\/\/www.techniproind.com\/en\/wp-json\/wp\/v2\/pages\/11947\/revisions\/13098"}],"wp:attachment":[{"href":"https:\/\/www.techniproind.com\/en\/wp-json\/wp\/v2\/media?parent=11947"}],"curies":[{"name":"wp","href":"https:\/\/api.w.org\/{rel}","templated":true}]}}